{"id":275,"date":"2017-01-02T19:44:45","date_gmt":"2017-01-02T17:44:45","guid":{"rendered":"http:\/\/photopose.cz\/?page_id=275"},"modified":"2023-03-08T10:58:21","modified_gmt":"2023-03-08T08:58:21","slug":"caste_dotazy","status":"publish","type":"page","link":"https:\/\/photopose.cz\/index.php\/caste_dotazy\/","title":{"rendered":"\u010cast\u00e9 dotazy"},"content":{"rendered":"\n<h1><span style=\"color: #1baad6;\">\u010cAST\u00c9 DOTAZY<\/span><\/h1>\n<h2><strong><span style=\"color: #1baad6;\">______<\/span><\/strong><strong><span style=\"color: #1baad6;\">____<\/span><\/strong><strong><span style=\"color: #1baad6;\">___<\/span><\/strong><\/h2>\n<p><span style=\"color: #1baad6;\"><strong>Jak\u00fd typ fotografi\u00ed lze softwarem Photopose zpracovat?<\/strong><\/span><\/p>\n<p>Zpracovat lze n\u00e1sleduj\u00edc\u00ed form\u00e1ty fotografi\u00ed: jpg, jpeg, png, tif, bmp, jpf<\/p>\n<p>&nbsp;<\/p>\n<p><strong><span style=\"color: #1baad6;\">_____________<\/span><\/strong><\/p>\n<p><span style=\"color: #1baad6;\"><strong>Jak\u00fd opera\u010dn\u00ed syst\u00e9m software Photopose podporuje?<\/strong><\/span><\/p>\n<p>Software lze instalovat na syst\u00e9mech Windows 7 a nov\u011bj\u0161\u00edch.<br>Pro spr\u00e1vn\u00fd chod aplikace je zapot\u0159eb\u00ed m\u00edt nainstalovan\u00fd .net framework 4.5.<br>S nejv\u011bt\u0161\u00ed pravd\u011bpodobnost\u00ed jej v po\u010d\u00edta\u010di ji\u017e m\u00e1te, kdyby n\u00e1hodou ne, tak zde je odkaz na sta\u017een\u00ed:<br><a href=\"https:\/\/www.microsoft.com\/en-us\/download\/details.aspx?id=42643\">https:\/\/www.microsoft.com\/en-us\/download\/details.aspx?id=42643<\/a><\/p>\n<p>&nbsp;<\/p>\n<p><strong><span style=\"color: #1baad6;\">_____________<\/span><\/strong><\/p>\n<p><span style=\"color: #1baad6;\"><strong>Jak\u00e9 jsou doporu\u010den\u00e9 syst\u00e9mov\u00e9 po\u017eadavky?<\/strong><\/span><\/p>\n<p>Doporu\u010dujeme v\u00edcej\u00e1drov\u00fd procesor, nejl\u00e9pe 64bit syst\u00e9m a minim\u00e1ln\u011b 8GB RAM.<\/p>\n<p>&nbsp;<\/p>\n<p><strong><span style=\"color: #1baad6;\">_____________<\/span><\/strong><\/p>\n<p><span style=\"color: #1baad6;\"><strong>Co d\u011blat, kdy\u017e se aplikace nespust\u00ed nebo se v\u0161echny fotografie hl\u00e1s\u00ed jako po\u0161kozen\u00e9?<\/strong><\/span><\/p>\n<p>V&nbsp;takov\u00e9m p\u0159\u00edpad\u011b nainstalujte n\u00e1sleduj\u00edc\u00ed dopl\u0148ky pro Windows:<\/p>\n<ol>\n<li>Microsoft .NET Framework 4.5:<br><a href=\"https:\/\/www.microsoft.com\/en-us\/download\/details.aspx?id=30679\">https:\/\/www.microsoft.com\/en-us\/download\/details.aspx?id=30679<\/a><\/li>\n<li>Dopl\u0148uj\u00edc\u00ed bal\u00ed\u010dek pro aplikace Visual C++:<br><a href=\"https:\/\/www.microsoft.com\/en-us\/download\/details.aspx?id=30653\">https:\/\/www.microsoft.com\/en-us\/download\/details.aspx?id=30653<\/a><\/li>\n<\/ol>\n<p>&nbsp;<\/p>\n<p><strong><span style=\"color: #1baad6;\">_____________<\/span><\/strong><\/p>\n<p><span style=\"color: #1baad6;\"><strong>V&nbsp;jak\u00fdch jazykov\u00fdch mutac\u00edch je software Photopose dostupn\u00fd?<\/strong><\/span><\/p>\n<p>K&nbsp;dispozici jsou moment\u00e1ln\u011b \u010desk\u00e1, anglick\u00e1 a n\u011bmeck\u00e1 verze softwaru.<\/p>\n<p>&nbsp;<\/p>\n<p><strong><span style=\"color: #1baad6;\">_____________<\/span><\/strong><\/p>\n<p><span style=\"color: #1baad6;\"><strong>V&nbsp;jak\u00e9 verzi PDF je vygenerovan\u00fd PDF soubor?<\/strong><\/span><\/p>\n<p>Ve\u0161ker\u00e9 soubory PDF, kter\u00e9 jsou generov\u00e1ny a ulo\u017eeny, jsou ve verzi&nbsp; PDF 1.3.<\/p>\n\n\n\n<p><\/p>\n","protected":false},"excerpt":{"rendered":"<p>\u010cAST\u00c9 DOTAZY _____________ Jak\u00fd typ fotografi\u00ed lze softwarem Photopose zpracovat? Zpracovat lze n\u00e1sleduj\u00edc\u00ed form\u00e1ty fotografi\u00ed: jpg, jpeg, png, tif, bmp, jpf &nbsp; _____________ Jak\u00fd opera\u010dn\u00ed syst\u00e9m software Photopose podporuje? Software lze instalovat na syst\u00e9mech Windows 7 a nov\u011bj\u0161\u00edch.Pro spr\u00e1vn\u00fd chod aplikace je zapot\u0159eb\u00ed m\u00edt nainstalovan\u00fd .net framework 4.5.S nejv\u011bt\u0161\u00ed pravd\u011bpodobnost\u00ed jej v po\u010d\u00edta\u010di ji\u017e m\u00e1te,<a href=\"https:\/\/photopose.cz\/index.php\/caste_dotazy\/\">[&#8230;]<\/a><\/p>\n","protected":false},"author":1,"featured_media":0,"parent":0,"menu_order":0,"comment_status":"closed","ping_status":"closed","template":"template-fullwidth.php","meta":[],"_links":{"self":[{"href":"https:\/\/photopose.cz\/index.php\/wp-json\/wp\/v2\/pages\/275"}],"collection":[{"href":"https:\/\/photopose.cz\/index.php\/wp-json\/wp\/v2\/pages"}],"about":[{"href":"https:\/\/photopose.cz\/index.php\/wp-json\/wp\/v2\/types\/page"}],"author":[{"embeddable":true,"href":"https:\/\/photopose.cz\/index.php\/wp-json\/wp\/v2\/users\/1"}],"replies":[{"embeddable":true,"href":"https:\/\/photopose.cz\/index.php\/wp-json\/wp\/v2\/comments?post=275"}],"version-history":[{"count":17,"href":"https:\/\/photopose.cz\/index.php\/wp-json\/wp\/v2\/pages\/275\/revisions"}],"predecessor-version":[{"id":456,"href":"https:\/\/photopose.cz\/index.php\/wp-json\/wp\/v2\/pages\/275\/revisions\/456"}],"wp:attachment":[{"href":"https:\/\/photopose.cz\/index.php\/wp-json\/wp\/v2\/media?parent=275"}],"curies":[{"name":"wp","href":"https:\/\/api.w.org\/{rel}","templated":true}]}}